{"id":29276,"date":"2024-05-21T13:23:56","date_gmt":"2024-05-21T11:23:56","guid":{"rendered":"https:\/\/3ipuntweb-dev.host3ip.eu\/?page_id=29276"},"modified":"2024-05-21T13:47:48","modified_gmt":"2024-05-21T11:47:48","slug":"politica-de-seguridad","status":"publish","type":"page","link":"https:\/\/3ipuntweb-dev.host3ip.eu\/es\/politica-de-seguridad\/","title":{"rendered":"Pol\u00edtica de seguridad"},"content":{"rendered":"\n<p>La Direcci\u00f3n de <strong>3ipunt<\/strong>, consciente de la importancia de una buena gesti\u00f3n de la seguridad de la informaci\u00f3n para su negocio y la satisfacci\u00f3n del cliente, cuenta con un Sistema de Gesti\u00f3n de Seguridad de la Informaci\u00f3n, seg\u00fan:<\/p>\n\n\n\n<ul class=\"wp-block-list\">\n<li><strong>ISO-27001<\/strong>. Sistemas de Gesti\u00f3n de Seguridad de la Informaci\u00f3n<\/li>\n<\/ul>\n\n\n\n<p><strong>3ipunt<\/strong> reconoce la importancia de proteger la confidencialidad, integridad y disponibilidad de la informaci\u00f3n, evitando la p\u00e9rdida, la divulgaci\u00f3n, modificaci\u00f3n y utilizaci\u00f3n no autorizada de toda la informaci\u00f3n, incluyendo los datos personales, por lo que est\u00e1 comprometida con desarrollar, implantar, mantener y mejorar continuamente el SISTEMA de GESTI\u00d3N.<\/p>\n\n\n\n<p>Por lo anterior <strong>3ipunt<\/strong> ofrece un entorno seguro donde el acceso a la informaci\u00f3n es exclusivo de personas autorizadas, la informaci\u00f3n es integra sin manipulaciones y est\u00e1 disponible.<\/p>\n\n\n\n<p>El personal de <strong>3ipunt<\/strong>, as\u00ed como clientes, colaboradores y proveedores con los que trabajan conjuntamente deben conocer la pol\u00edtica.<\/p>\n\n\n\n<p>La Direcci\u00f3n es responsable de:<\/p>\n\n\n\n<ul class=\"wp-block-list\">\n<li>Asegurar que la seguridad de la informaci\u00f3n se gestiona adecuadamente en toda la organizaci\u00f3n.<\/li>\n\n\n\n<li>Garantizar la Privacidad y el ejercicio de los derechos de los interesados.<\/li>\n\n\n\n<li>Establecer peri\u00f3dicamente objetivos sobre la gesti\u00f3n de la Seguridad de la Informaci\u00f3n, y las acciones necesarias para su desarrollo.<\/li>\n\n\n\n<li>Establecer la sistem\u00e1tica de an\u00e1lisis del riesgo, evaluando el impacto y las amenazas.<\/li>\n\n\n\n<li>Implementar las acciones necesarias para reducir los riesgos identificados que se consideren inaceptables, seg\u00fan los criterios establecidos por el Comit\u00e9 de Seguridad.<\/li>\n\n\n\n<li>Aplicar los controles necesarios y sus correspondientes m\u00e9todos de seguimiento.<\/li>\n\n\n\n<li>Cumplir con los requisitos asumidos por <strong>3ipunt<\/strong>, legales, reglamentarios, de cliente, de propietarios de PII\u2019s y de las obligaciones contractuales de seguridad.<\/li>\n\n\n\n<li>Garantizar a cada Cliente y a los propietarios de PII\u2019s que su informaci\u00f3n ser\u00e1 procesada de acuerdo con los requisitos fundamentales de confidencialidad, integridad y disponibilidad.<\/li>\n\n\n\n<li>Promover la concienciaci\u00f3n y formaci\u00f3n en materia de Seguridad y Privacidad de la Informaci\u00f3n a todo el personal de <strong>3ipunt<\/strong>.<\/li>\n\n\n\n<li>Aportar los recursos necesarios para garantizar la continuidad del negocio de la empresa.<\/li>\n<\/ul>\n\n\n\n<p>El Responsable de Seguridad y Privacidad de la Informaci\u00f3n es responsable de:<\/p>\n\n\n\n<ul class=\"wp-block-list\">\n<li>El mantenimiento de esta pol\u00edtica.<\/li>\n\n\n\n<li>Asesorar a la Direcci\u00f3n y proporciona apoyo especializado en materia de seguridad al personal de la organizaci\u00f3n.<\/li>\n<\/ul>\n\n\n\n<p>Debido a la continua evoluci\u00f3n y cambios intr\u00ednsecos de los sistemas de informaci\u00f3n y a la propia complejidad de la organizaci\u00f3n la pol\u00edtica de seguridad de la informaci\u00f3n ser\u00e1 revisada anualmente o siempre que se produzcan cambios significativos en la normatividad aplicable, a fin de asegurar que se mantenga su idoneidad, adecuaci\u00f3n y eficacia.<\/p>\n\n\n\n<p>Por lo cual la Pol\u00edtica de Seguridad se adecuar\u00e1 en todo momento a las disposiciones vigentes en materia de privacidad de los datos de car\u00e1cter personal tanto a nivel nacional, internacional y nivel europeo y a los est\u00e1ndares y mejores pr\u00e1cticas de Seguridad de la Informaci\u00f3n adoptadas por <strong>3ipunt<\/strong>.<\/p>\n\n\n\n<p>La presente Pol\u00edtica de seguridad de la informaci\u00f3n podr\u00e1, seg\u00fan disponga el Comit\u00e9, ser comunicada a las partes interesadas, y en particular a clientes y proveedores, con el fin de involucrarlos en la mejora continua del sistema.<\/p>\n\n\n\n<div style=\"height:100px\" aria-hidden=\"true\" class=\"wp-block-spacer\"><\/div>\n","protected":false},"excerpt":{"rendered":"<p>La Direcci\u00f3n de 3ipunt, consciente de la importancia de una buena gesti\u00f3n de la seguridad de la informaci\u00f3n para su negocio y la satisfacci\u00f3n del cliente, cuenta con un Sistema [&hellip;]<\/p>\n","protected":false},"author":1,"featured_media":0,"parent":0,"menu_order":0,"comment_status":"closed","ping_status":"closed","template":"","meta":{"_acf_changed":false,"inline_featured_image":false,"_uag_custom_page_level_css":"","advgb_blocks_editor_width":"","advgb_blocks_columns_visual_guide":"","site-sidebar-layout":"default","site-content-layout":"","ast-site-content-layout":"default","site-content-style":"default","site-sidebar-style":"default","ast-global-header-display":"","ast-banner-title-visibility":"","ast-main-header-display":"","ast-hfb-above-header-display":"","ast-hfb-below-header-display":"","ast-hfb-mobile-header-display":"","site-post-title":"","ast-breadcrumbs-content":"","ast-featured-img":"","footer-sml-layout":"","ast-disable-related-posts":"","theme-transparent-header-meta":"","adv-header-id-meta":"","stick-header-meta":"","header-above-stick-meta":"","header-main-stick-meta":"","header-below-stick-meta":"","astra-migrate-meta-layouts":"set","ast-page-background-enabled":"default","ast-page-background-meta":{"desktop":{"background-color":"var(--ast-global-color-4)","background-image":"","background-repeat":"repeat","background-position":"center center","background-size":"auto","background-attachment":"scroll","background-type":"","background-media":"","overlay-type":"","overlay-color":"","overlay-opacity":"","overlay-gradient":""},"tablet":{"background-color":"","background-image":"","background-repeat":"repeat","background-position":"center center","background-size":"auto","background-attachment":"scroll","background-type":"","background-media":"","overlay-type":"","overlay-color":"","overlay-opacity":"","overlay-gradient":""},"mobile":{"background-color":"","background-image":"","background-repeat":"repeat","background-position":"center center","background-size":"auto","background-attachment":"scroll","background-type":"","background-media":"","overlay-type":"","overlay-color":"","overlay-opacity":"","overlay-gradient":""}},"ast-content-background-meta":{"desktop":{"background-color":"var(--ast-global-color-5)","background-image":"","background-repeat":"repeat","background-position":"center center","background-size":"auto","background-attachment":"scroll","background-type":"","background-media":"","overlay-type":"","overlay-color":"","overlay-opacity":"","overlay-gradient":""},"tablet":{"background-color":"var(--ast-global-color-5)","background-image":"","background-repeat":"repeat","background-position":"center center","background-size":"auto","background-attachment":"scroll","background-type":"","background-media":"","overlay-type":"","overlay-color":"","overlay-opacity":"","overlay-gradient":""},"mobile":{"background-color":"var(--ast-global-color-5)","background-image":"","background-repeat":"repeat","background-position":"center center","background-size":"auto","background-attachment":"scroll","background-type":"","background-media":"","overlay-type":"","overlay-color":"","overlay-opacity":"","overlay-gradient":""}},"_price":"","_stock":"","_tribe_ticket_header":"","_tribe_default_ticket_provider":"","_tribe_ticket_capacity":"0","_ticket_start_date":"","_ticket_end_date":"","_tribe_ticket_show_description":"","_tribe_ticket_show_not_going":false,"_tribe_ticket_use_global_stock":"","_tribe_ticket_global_stock_level":"","_global_stock_mode":"","_global_stock_cap":"","_tribe_rsvp_for_event":"","_tribe_ticket_going_count":"","_tribe_ticket_not_going_count":"","_tribe_tickets_list":"[]","_tribe_ticket_has_attendee_info_fields":false,"footnotes":""},"class_list":["post-29276","page","type-page","status-publish","hentry"],"acf":[],"yoast_head":"<!-- This site is optimized with the Yoast SEO plugin v27.4 - https:\/\/yoast.com\/product\/yoast-seo-wordpress\/ -->\n<title>Pol\u00edtica de seguridad - Soluciones e-learning - 3ipunt<\/title>\n<meta name=\"robots\" content=\"noindex, follow, max-snippet:-1, max-image-preview:large, max-video-preview:-1\" \/>\n<meta property=\"og:locale\" content=\"es_ES\" \/>\n<meta property=\"og:type\" content=\"article\" \/>\n<meta property=\"og:title\" content=\"Pol\u00edtica de seguridad - Soluciones e-learning - 3ipunt\" \/>\n<meta property=\"og:description\" content=\"La Direcci\u00f3n de 3ipunt, consciente de la importancia de una buena gesti\u00f3n de la seguridad de la informaci\u00f3n para su negocio y la satisfacci\u00f3n del cliente, cuenta con un Sistema [&hellip;]\" \/>\n<meta property=\"og:url\" content=\"https:\/\/3ipuntweb-dev.host3ip.eu\/politica-de-seguretat\/\" \/>\n<meta property=\"og:site_name\" content=\"Soluciones e-learning - 3ipunt\" \/>\n<meta property=\"article:modified_time\" content=\"2024-05-21T11:47:48+00:00\" \/>\n<meta name=\"twitter:card\" content=\"summary_large_image\" \/>\n<meta name=\"twitter:site\" content=\"@tresipunt\" \/>\n<meta name=\"twitter:label1\" content=\"Tiempo de lectura\" \/>\n\t<meta name=\"twitter:data1\" content=\"3 minutos\" \/>\n<script type=\"application\/ld+json\" class=\"yoast-schema-graph\">{\"@context\":\"https:\\\/\\\/schema.org\",\"@graph\":[{\"@type\":\"WebPage\",\"@id\":\"https:\\\/\\\/3ipuntweb-dev.host3ip.eu\\\/politica-de-seguretat\\\/\",\"url\":\"https:\\\/\\\/3ipuntweb-dev.host3ip.eu\\\/politica-de-seguretat\\\/\",\"name\":\"Pol\u00edtica de seguridad - Soluciones e-learning - 3ipunt\",\"isPartOf\":{\"@id\":\"https:\\\/\\\/3ipuntweb-dev.host3ip.eu\\\/#website\"},\"datePublished\":\"2024-05-21T11:23:56+00:00\",\"dateModified\":\"2024-05-21T11:47:48+00:00\",\"breadcrumb\":{\"@id\":\"https:\\\/\\\/3ipuntweb-dev.host3ip.eu\\\/politica-de-seguretat\\\/#breadcrumb\"},\"inLanguage\":\"es\",\"potentialAction\":[{\"@type\":\"ReadAction\",\"target\":[\"https:\\\/\\\/3ipuntweb-dev.host3ip.eu\\\/politica-de-seguretat\\\/\"]}]},{\"@type\":\"BreadcrumbList\",\"@id\":\"https:\\\/\\\/3ipuntweb-dev.host3ip.eu\\\/politica-de-seguretat\\\/#breadcrumb\",\"itemListElement\":[{\"@type\":\"ListItem\",\"position\":1,\"name\":\"Home\",\"item\":\"https:\\\/\\\/3ipuntweb-dev.host3ip.eu\\\/\"},{\"@type\":\"ListItem\",\"position\":2,\"name\":\"Pol\u00edtica de seguridad\"}]},{\"@type\":\"WebSite\",\"@id\":\"https:\\\/\\\/3ipuntweb-dev.host3ip.eu\\\/#website\",\"url\":\"https:\\\/\\\/3ipuntweb-dev.host3ip.eu\\\/\",\"name\":\"Soluciones E-learning - 3iPunt\",\"description\":\"Solucions e-learning a mida | Plataformes LMS Moodle i cursos e-learning gamificats | Som Premium Partner de Moodle\",\"publisher\":{\"@id\":\"https:\\\/\\\/3ipuntweb-dev.host3ip.eu\\\/#organization\"},\"alternateName\":\"Tresipunt\",\"potentialAction\":[{\"@type\":\"SearchAction\",\"target\":{\"@type\":\"EntryPoint\",\"urlTemplate\":\"https:\\\/\\\/3ipuntweb-dev.host3ip.eu\\\/?s={search_term_string}\"},\"query-input\":{\"@type\":\"PropertyValueSpecification\",\"valueRequired\":true,\"valueName\":\"search_term_string\"}}],\"inLanguage\":\"es\"},{\"@type\":\"Organization\",\"@id\":\"https:\\\/\\\/3ipuntweb-dev.host3ip.eu\\\/#organization\",\"name\":\"Soluciones E-learning - 3iPunt\",\"url\":\"https:\\\/\\\/3ipuntweb-dev.host3ip.eu\\\/\",\"logo\":{\"@type\":\"ImageObject\",\"inLanguage\":\"es\",\"@id\":\"https:\\\/\\\/3ipuntweb-dev.host3ip.eu\\\/#\\\/schema\\\/logo\\\/image\\\/\",\"url\":\"https:\\\/\\\/3ipuntweb-dev.host3ip.eu\\\/wp-content\\\/uploads\\\/2022\\\/08\\\/logo3ip.svg\",\"contentUrl\":\"https:\\\/\\\/3ipuntweb-dev.host3ip.eu\\\/wp-content\\\/uploads\\\/2022\\\/08\\\/logo3ip.svg\",\"width\":225,\"height\":63,\"caption\":\"Soluciones E-learning - 3iPunt\"},\"image\":{\"@id\":\"https:\\\/\\\/3ipuntweb-dev.host3ip.eu\\\/#\\\/schema\\\/logo\\\/image\\\/\"},\"sameAs\":[\"https:\\\/\\\/x.com\\\/tresipunt\",\"https:\\\/\\\/es.linkedin.com\\\/company\\\/tresipunt\",\"https:\\\/\\\/www.youtube.com\\\/channel\\\/UChQYaqTPJMbz6bgJBaW_Bng\"]}]}<\/script>\n<!-- \/ Yoast SEO plugin. -->","yoast_head_json":{"title":"Pol\u00edtica de seguridad - Soluciones e-learning - 3ipunt","robots":{"index":"noindex","follow":"follow","max-snippet":"max-snippet:-1","max-image-preview":"max-image-preview:large","max-video-preview":"max-video-preview:-1"},"og_locale":"es_ES","og_type":"article","og_title":"Pol\u00edtica de seguridad - Soluciones e-learning - 3ipunt","og_description":"La Direcci\u00f3n de 3ipunt, consciente de la importancia de una buena gesti\u00f3n de la seguridad de la informaci\u00f3n para su negocio y la satisfacci\u00f3n del cliente, cuenta con un Sistema [&hellip;]","og_url":"https:\/\/3ipuntweb-dev.host3ip.eu\/politica-de-seguretat\/","og_site_name":"Soluciones e-learning - 3ipunt","article_modified_time":"2024-05-21T11:47:48+00:00","twitter_card":"summary_large_image","twitter_site":"@tresipunt","twitter_misc":{"Tiempo de lectura":"3 minutos"},"schema":{"@context":"https:\/\/schema.org","@graph":[{"@type":"WebPage","@id":"https:\/\/3ipuntweb-dev.host3ip.eu\/politica-de-seguretat\/","url":"https:\/\/3ipuntweb-dev.host3ip.eu\/politica-de-seguretat\/","name":"Pol\u00edtica de seguridad - Soluciones e-learning - 3ipunt","isPartOf":{"@id":"https:\/\/3ipuntweb-dev.host3ip.eu\/#website"},"datePublished":"2024-05-21T11:23:56+00:00","dateModified":"2024-05-21T11:47:48+00:00","breadcrumb":{"@id":"https:\/\/3ipuntweb-dev.host3ip.eu\/politica-de-seguretat\/#breadcrumb"},"inLanguage":"es","potentialAction":[{"@type":"ReadAction","target":["https:\/\/3ipuntweb-dev.host3ip.eu\/politica-de-seguretat\/"]}]},{"@type":"BreadcrumbList","@id":"https:\/\/3ipuntweb-dev.host3ip.eu\/politica-de-seguretat\/#breadcrumb","itemListElement":[{"@type":"ListItem","position":1,"name":"Home","item":"https:\/\/3ipuntweb-dev.host3ip.eu\/"},{"@type":"ListItem","position":2,"name":"Pol\u00edtica de seguridad"}]},{"@type":"WebSite","@id":"https:\/\/3ipuntweb-dev.host3ip.eu\/#website","url":"https:\/\/3ipuntweb-dev.host3ip.eu\/","name":"Soluciones E-learning - 3iPunt","description":"Solucions e-learning a mida | Plataformes LMS Moodle i cursos e-learning gamificats | Som Premium Partner de Moodle","publisher":{"@id":"https:\/\/3ipuntweb-dev.host3ip.eu\/#organization"},"alternateName":"Tresipunt","potentialAction":[{"@type":"SearchAction","target":{"@type":"EntryPoint","urlTemplate":"https:\/\/3ipuntweb-dev.host3ip.eu\/?s={search_term_string}"},"query-input":{"@type":"PropertyValueSpecification","valueRequired":true,"valueName":"search_term_string"}}],"inLanguage":"es"},{"@type":"Organization","@id":"https:\/\/3ipuntweb-dev.host3ip.eu\/#organization","name":"Soluciones E-learning - 3iPunt","url":"https:\/\/3ipuntweb-dev.host3ip.eu\/","logo":{"@type":"ImageObject","inLanguage":"es","@id":"https:\/\/3ipuntweb-dev.host3ip.eu\/#\/schema\/logo\/image\/","url":"https:\/\/3ipuntweb-dev.host3ip.eu\/wp-content\/uploads\/2022\/08\/logo3ip.svg","contentUrl":"https:\/\/3ipuntweb-dev.host3ip.eu\/wp-content\/uploads\/2022\/08\/logo3ip.svg","width":225,"height":63,"caption":"Soluciones E-learning - 3iPunt"},"image":{"@id":"https:\/\/3ipuntweb-dev.host3ip.eu\/#\/schema\/logo\/image\/"},"sameAs":["https:\/\/x.com\/tresipunt","https:\/\/es.linkedin.com\/company\/tresipunt","https:\/\/www.youtube.com\/channel\/UChQYaqTPJMbz6bgJBaW_Bng"]}]}},"uagb_featured_image_src":{"full":false,"thumbnail":false,"medium":false,"medium_large":false,"large":false,"1536x1536":false,"2048x2048":false},"uagb_author_info":{"display_name":"admin_tresipunt","author_link":"https:\/\/3ipuntweb-dev.host3ip.eu\/es\/author\/admin_tresipunt\/"},"uagb_comment_info":0,"uagb_excerpt":"La Direcci\u00f3n de 3ipunt, consciente de la importancia de una buena gesti\u00f3n de la seguridad de la informaci\u00f3n para su negocio y la satisfacci\u00f3n del cliente, cuenta con un Sistema [&hellip;]","coauthors":[],"author_meta":{"author_link":"https:\/\/3ipuntweb-dev.host3ip.eu\/es\/author\/admin_tresipunt\/","display_name":"admin_tresipunt"},"relative_dates":{"created":"Publicado 2 a\u00f1os hace","modified":"Actualizado 2 a\u00f1os hace"},"absolute_dates":{"created":"Publicado el 21\/05\/2024","modified":"Actualizado el 21\/05\/2024"},"absolute_dates_time":{"created":"Publicado el 21\/05\/2024 13:23","modified":"Actualizado el 21\/05\/2024 13:47"},"featured_img_caption":"","featured_img":false,"series_order":"","_links":{"self":[{"href":"https:\/\/3ipuntweb-dev.host3ip.eu\/es\/wp-json\/wp\/v2\/pages\/29276","targetHints":{"allow":["GET"]}}],"collection":[{"href":"https:\/\/3ipuntweb-dev.host3ip.eu\/es\/wp-json\/wp\/v2\/pages"}],"about":[{"href":"https:\/\/3ipuntweb-dev.host3ip.eu\/es\/wp-json\/wp\/v2\/types\/page"}],"author":[{"embeddable":true,"href":"https:\/\/3ipuntweb-dev.host3ip.eu\/es\/wp-json\/wp\/v2\/users\/1"}],"replies":[{"embeddable":true,"href":"https:\/\/3ipuntweb-dev.host3ip.eu\/es\/wp-json\/wp\/v2\/comments?post=29276"}],"version-history":[{"count":5,"href":"https:\/\/3ipuntweb-dev.host3ip.eu\/es\/wp-json\/wp\/v2\/pages\/29276\/revisions"}],"predecessor-version":[{"id":29299,"href":"https:\/\/3ipuntweb-dev.host3ip.eu\/es\/wp-json\/wp\/v2\/pages\/29276\/revisions\/29299"}],"wp:attachment":[{"href":"https:\/\/3ipuntweb-dev.host3ip.eu\/es\/wp-json\/wp\/v2\/media?parent=29276"}],"curies":[{"name":"wp","href":"https:\/\/api.w.org\/{rel}","templated":true}]}}